{"id":90,"date":"2025-04-07T18:04:57","date_gmt":"2025-04-07T18:04:57","guid":{"rendered":"https:\/\/boldagency.site\/?page_id=90"},"modified":"2025-04-07T18:52:41","modified_gmt":"2025-04-07T18:52:41","slug":"shopping","status":"publish","type":"page","link":"https:\/\/boldagency.site\/index.php\/shopping\/","title":{"rendered":"BOLD Shopping"},"content":{"rendered":"\n<p><strong>Transforma tu marca<\/strong> y tus procesos con herramientas pr\u00e1cticas, listas para usar.<\/p>\n\n\n\n<h6 class=\"wp-block-heading has-text-align-center\">Precio en USD<\/h6>\n\n\n\n<div class=\"wp-block-columns alignwide is-layout-flex wp-container-core-columns-is-layout-a4fe827e wp-block-columns-is-layout-flex\" style=\"padding-bottom:var(--wp--preset--spacing--70)\">\n<div class=\"wp-block-column is-layout-flow wp-block-column-is-layout-flow\">\n<div class=\"wp-block-group has-global-padding is-layout-constrained wp-container-core-group-is-layout-dfd7bae1 wp-block-group-is-layout-constrained\" style=\"border-radius:24px;padding-top:var(--wp--preset--spacing--50);padding-right:var(--wp--preset--spacing--50);padding-bottom:var(--wp--preset--spacing--70);padding-left:var(--wp--preset--spacing--50)\">\n<div style=\"height:72px\" aria-hidden=\"true\" class=\"wp-block-spacer\"><\/div>\n\n\n\n<h2 class=\"wp-block-heading has-huge-font-size\" style=\"line-height:1\">   $1.99<\/h2>\n\n\n\n<h5 class=\"wp-block-heading has-text-align-center\"><strong>eBook: <\/strong>Gu\u00eda pr\u00e1ctica para crear campa\u00f1as en Meta Ads<\/h5>\n\n\n\n<p class=\"has-text-align-center\">\u00bfLista para dejar de <strong>impulsar publicaciones<\/strong> y empezar a vender en serio?<br>Esta gu\u00eda te lleva paso a paso para crear campa\u00f1as estrat\u00e9gicas en Facebook e Instagram, incluso si no eres experta en anuncios.<br>Incluye estructura, consejos clave, errores que evitar y ejemplos reales.<\/p>\n\n\n\n<p><\/p>\n\n\n\n<div class=\"wp-block-buttons is-content-justification-center is-layout-flex wp-container-core-buttons-is-layout-bb659de6 wp-block-buttons-is-layout-flex\" style=\"margin-top:var(--wp--preset--spacing--50)\">\n<div class=\"wp-block-button has-custom-font-size is-style-outline lemmony-button-hover-opacity has-tiny-plus-font-size lemmony-animation is-style-outline--1\" style=\"font-style:normal;font-weight:700;--lemmony-animation-name:lemmonyFadeInUp\"><a class=\"wp-block-button__link wp-element-button\" href=\"https:\/\/www.paypal.com\/ncp\/payment\/2TQFUXCUYLXXU\">Comprar Ahora<\/a><\/div>\n<\/div>\n\n\n\n<div class=\"wp-block-group has-global-padding is-layout-constrained wp-container-core-group-is-layout-01422482 wp-block-group-is-layout-constrained\" style=\"margin-top:40px\">\n<div class=\"wp-block-columns are-vertically-aligned-center is-not-stacked-on-mobile is-layout-flex wp-container-core-columns-is-layout-28232c24 wp-block-columns-is-layout-flex\">\n<div class=\"wp-block-column is-vertically-aligned-center is-layout-flow wp-block-column-is-layout-flow\" style=\"flex-basis:40px\">\n<div class=\"wp-block-lemmony-companion-icon lemmony-animation lemmonyFadeInUp has-primary-color has-text-color has-small-plus-font-size lemmony-animation\" style=\"--lemmony-animation-name:lemmonyFadeInUp;animation-duration:var(--lemmony-speed-xfast)\"><div class=\"lemmony-icon-wrapper\"><svg xmlns=\"http:\/\/www.w3.org\/2000\/svg\" viewBox=\"0 0 32 32\" data-reactroot=\"\"><path d=\"M16,30.5C8.005,30.5,1.5,23.995,1.5,16C1.5,8.005,8.005,1.5,16,1.5S30.5,8.005,30.5,16C30.5,23.995,23.995,30.5,16,30.5z M16,3.5C9.107,3.5,3.5,9.107,3.5,16c0,6.893,5.607,12.5,12.5,12.5S28.5,22.893,28.5,16C28.5,9.107,22.893,3.5,16,3.5z M14.089,20.821L14.089,20.821c-0.265,0-0.52-0.105-0.707-0.293l-3.82-3.821c-0.391-0.391-0.391-1.024,0-1.414 c0.391-0.391,1.023-0.391,1.414,0l3.113,3.114l6.934-6.934c0.391-0.391,1.023-0.391,1.414,0s0.391,1.023,0,1.414l-7.641,7.641 C14.609,20.715,14.354,20.821,14.089,20.821z\"><\/path><\/svg><\/div><\/div>\n<\/div>\n\n\n\n<div class=\"wp-block-column is-vertically-aligned-center is-layout-flow wp-block-column-is-layout-flow\" style=\"flex-basis:100%\">\n<p class=\"lemmony-animation lemmonyFadeInUp has-small-font-size lemmony-animation\" style=\"--lemmony-animation-name:lemmonyFadeInUp;animation-duration:var(--lemmony-speed-xfast)\">Ideal para marcas personales<\/p>\n<\/div>\n<\/div>\n\n\n\n<div class=\"wp-block-columns are-vertically-aligned-center is-not-stacked-on-mobile is-layout-flex wp-container-core-columns-is-layout-28232c24 wp-block-columns-is-layout-flex\">\n<div class=\"wp-block-column is-vertically-aligned-center is-layout-flow wp-block-column-is-layout-flow\" style=\"flex-basis:40px\">\n<div class=\"wp-block-lemmony-companion-icon lemmony-animation lemmonyFadeInUp has-primary-color has-text-color has-small-plus-font-size lemmony-animation\" style=\"--lemmony-animation-name:lemmonyFadeInUp;animation-duration:var(--lemmony-speed-xfast);animation-delay:var(--lemmony-delay-xsmall)\"><div class=\"lemmony-icon-wrapper\"><svg xmlns=\"http:\/\/www.w3.org\/2000\/svg\" viewBox=\"0 0 32 32\" data-reactroot=\"\"><path d=\"M16,30.5C8.005,30.5,1.5,23.995,1.5,16C1.5,8.005,8.005,1.5,16,1.5S30.5,8.005,30.5,16C30.5,23.995,23.995,30.5,16,30.5z M16,3.5C9.107,3.5,3.5,9.107,3.5,16c0,6.893,5.607,12.5,12.5,12.5S28.5,22.893,28.5,16C28.5,9.107,22.893,3.5,16,3.5z M14.089,20.821L14.089,20.821c-0.265,0-0.52-0.105-0.707-0.293l-3.82-3.821c-0.391-0.391-0.391-1.024,0-1.414 c0.391-0.391,1.023-0.391,1.414,0l3.113,3.114l6.934-6.934c0.391-0.391,1.023-0.391,1.414,0s0.391,1.023,0,1.414l-7.641,7.641 C14.609,20.715,14.354,20.821,14.089,20.821z\"><\/path><\/svg><\/div><\/div>\n<\/div>\n\n\n\n<div class=\"wp-block-column is-vertically-aligned-center is-layout-flow wp-block-column-is-layout-flow\" style=\"flex-basis:100%\">\n<p class=\"lemmony-animation lemmonyFadeInUp has-small-font-size lemmony-animation\" style=\"--lemmony-animation-name:lemmonyFadeInUp;animation-duration:var(--lemmony-speed-xfast);animation-delay:var(--lemmony-delay-xsmall)\">Negocios peque\u00f1os <\/p>\n<\/div>\n<\/div>\n\n\n\n<div class=\"wp-block-columns are-vertically-aligned-center is-not-stacked-on-mobile is-layout-flex wp-container-core-columns-is-layout-28232c24 wp-block-columns-is-layout-flex\">\n<div class=\"wp-block-column is-vertically-aligned-center is-layout-flow wp-block-column-is-layout-flow\" style=\"flex-basis:40px\">\n<div class=\"wp-block-lemmony-companion-icon lemmony-animation lemmonyFadeInUp has-paragraph-alt-color has-text-color has-small-plus-font-size lemmony-animation\" style=\"--lemmony-animation-name:lemmonyFadeInUp;animation-duration:var(--lemmony-speed-xfast);animation-delay:var(--lemmony-delay-xsmall)\"><div class=\"lemmony-icon-wrapper\"><svg xmlns=\"http:\/\/www.w3.org\/2000\/svg\" viewBox=\"0 0 32 32\" data-reactroot=\"\"><path d=\"M16,30.5C8.005,30.5,1.5,23.995,1.5,16C1.5,8.005,8.005,1.5,16,1.5S30.5,8.005,30.5,16C30.5,23.995,23.995,30.5,16,30.5z M16,3.5C9.107,3.5,3.5,9.107,3.5,16c0,6.893,5.607,12.5,12.5,12.5S28.5,22.893,28.5,16C28.5,9.107,22.893,3.5,16,3.5z M14.089,20.821L14.089,20.821c-0.265,0-0.52-0.105-0.707-0.293l-3.82-3.821c-0.391-0.391-0.391-1.024,0-1.414 c0.391-0.391,1.023-0.391,1.414,0l3.113,3.114l6.934-6.934c0.391-0.391,1.023-0.391,1.414,0s0.391,1.023,0,1.414l-7.641,7.641 C14.609,20.715,14.354,20.821,14.089,20.821z\"><\/path><\/svg><\/div><\/div>\n<\/div>\n\n\n\n<div class=\"wp-block-column is-vertically-aligned-center is-layout-flow wp-block-column-is-layout-flow\" style=\"flex-basis:100%\">\n<p class=\"lemmony-animation lemmonyFadeInUp has-paragraph-alt-color has-text-color has-small-font-size lemmony-animation\" style=\"font-style:normal;font-weight:600;--lemmony-animation-name:lemmonyFadeInUp;animation-duration:var(--lemmony-speed-xfast);animation-delay:var(--lemmony-delay-xsmall)\">Equipos de marketing que quieren resultados sin complicarse.<\/p>\n<\/div>\n<\/div>\n<\/div>\n<\/div>\n<\/div>\n\n\n\n<div class=\"wp-block-column is-layout-flow wp-block-column-is-layout-flow\">\n<div class=\"wp-block-group has-midground-alt-2-background-color has-background has-global-padding is-layout-constrained wp-container-core-group-is-layout-dfd7bae1 wp-block-group-is-layout-constrained\" style=\"border-radius:24px;padding-top:var(--wp--preset--spacing--50);padding-right:var(--wp--preset--spacing--50);padding-bottom:var(--wp--preset--spacing--70);padding-left:var(--wp--preset--spacing--50)\">\n<div class=\"wp-block-buttons is-content-justification-right is-layout-flex wp-container-core-buttons-is-layout-d445cf74 wp-block-buttons-is-layout-flex\">\n<div class=\"wp-block-button has-custom-font-size lemmony-box-shadow has-tiny-font-size lemmony-animation\" style=\"font-style:normal;font-weight:700;--lemmony-animation-name:lemmonyFadeInUp\"><a class=\"wp-block-button__link has-paragraph-color has-background-background-color has-text-color has-background wp-element-button\" style=\"border-radius:8px;padding-top:12px;padding-right:20px;padding-bottom:12px;padding-left:20px\">Popular<\/a><\/div>\n<\/div>\n\n\n\n<div style=\"height:18px\" aria-hidden=\"true\" class=\"wp-block-spacer\"><\/div>\n\n\n\n<h2 class=\"wp-block-heading has-huge-font-size\" style=\"line-height:1\">$5<\/h2>\n\n\n\n<h5 class=\"wp-block-heading\">eBook: Gu\u00eda practica para crear anuncios + plantilla de creaci\u00f3n. <\/h5>\n\n\n\n<p><strong>Incluye 2 herramientas extra para aplicar lo aprendido:<\/strong><\/p>\n\n\n\n<p>\ud83d\udc49\ud83c\udffb<strong>Plantilla de Planeaci\u00f3n de Anuncios<\/strong><br>Plantillas de dise\u00f1o en CANVA, plantilla de estructura de textos y definici\u00f3n de Call To Actions Atractivos<\/p>\n\n\n\n<p>\u2728 <strong>BONUS POR TIEMPO LIMITADO: Plantilla de Reporte de Resultados<\/strong><br>Registra y analiza el rendimiento de tus campa\u00f1as para mejorar cada vez m\u00e1s.<\/p>\n\n\n\n<div class=\"wp-block-buttons is-content-justification-center is-layout-flex wp-container-core-buttons-is-layout-bb659de6 wp-block-buttons-is-layout-flex\" style=\"margin-top:var(--wp--preset--spacing--50)\">\n<div class=\"wp-block-button has-custom-font-size lemmony-button-hover-opacity has-tiny-plus-font-size lemmony-animation\" style=\"font-style:normal;font-weight:700;--lemmony-animation-name:lemmonyFadeInUp\"><a class=\"wp-block-button__link has-primary-background-color has-background wp-element-button\" href=\"https:\/\/www.paypal.com\/ncp\/payment\/C7GRUKB9FUNK2\">Comprar Ahora<\/a><\/div>\n<\/div>\n\n\n\n<div class=\"wp-block-group has-global-padding is-layout-constrained wp-container-core-group-is-layout-01422482 wp-block-group-is-layout-constrained\" style=\"margin-top:40px\">\n<div class=\"wp-block-columns are-vertically-aligned-center is-not-stacked-on-mobile is-layout-flex wp-container-core-columns-is-layout-28232c24 wp-block-columns-is-layout-flex\">\n<div class=\"wp-block-column is-vertically-aligned-center is-layout-flow wp-block-column-is-layout-flow\" style=\"flex-basis:40px\">\n<div class=\"wp-block-lemmony-companion-icon lemmony-animation lemmonyFadeInUp has-primary-color has-text-color has-small-plus-font-size lemmony-animation\" style=\"--lemmony-animation-name:lemmonyFadeInUp;animation-duration:var(--lemmony-speed-xfast)\"><div class=\"lemmony-icon-wrapper\"><svg xmlns=\"http:\/\/www.w3.org\/2000\/svg\" viewBox=\"0 0 32 32\" data-reactroot=\"\"><path d=\"M16,30.5C8.005,30.5,1.5,23.995,1.5,16C1.5,8.005,8.005,1.5,16,1.5S30.5,8.005,30.5,16C30.5,23.995,23.995,30.5,16,30.5z M16,3.5C9.107,3.5,3.5,9.107,3.5,16c0,6.893,5.607,12.5,12.5,12.5S28.5,22.893,28.5,16C28.5,9.107,22.893,3.5,16,3.5z M14.089,20.821L14.089,20.821c-0.265,0-0.52-0.105-0.707-0.293l-3.82-3.821c-0.391-0.391-0.391-1.024,0-1.414 c0.391-0.391,1.023-0.391,1.414,0l3.113,3.114l6.934-6.934c0.391-0.391,1.023-0.391,1.414,0s0.391,1.023,0,1.414l-7.641,7.641 C14.609,20.715,14.354,20.821,14.089,20.821z\"><\/path><\/svg><\/div><\/div>\n<\/div>\n\n\n\n<div class=\"wp-block-column is-vertically-aligned-center is-layout-flow wp-block-column-is-layout-flow\" style=\"flex-basis:100%\">\n<p class=\"lemmony-animation lemmonyFadeInUp has-small-font-size lemmony-animation\" style=\"--lemmony-animation-name:lemmonyFadeInUp;animation-duration:var(--lemmony-speed-xfast)\">Archivos editables<\/p>\n<\/div>\n<\/div>\n\n\n\n<div class=\"wp-block-columns are-vertically-aligned-center is-not-stacked-on-mobile is-layout-flex wp-container-core-columns-is-layout-28232c24 wp-block-columns-is-layout-flex\">\n<div class=\"wp-block-column is-vertically-aligned-center is-layout-flow wp-block-column-is-layout-flow\" style=\"flex-basis:40px\">\n<div class=\"wp-block-lemmony-companion-icon lemmony-animation lemmonyFadeInUp has-primary-color has-text-color has-small-plus-font-size lemmony-animation\" style=\"--lemmony-animation-name:lemmonyFadeInUp;animation-duration:var(--lemmony-speed-xfast);animation-delay:var(--lemmony-delay-xsmall)\"><div class=\"lemmony-icon-wrapper\"><svg xmlns=\"http:\/\/www.w3.org\/2000\/svg\" viewBox=\"0 0 32 32\" data-reactroot=\"\"><path d=\"M16,30.5C8.005,30.5,1.5,23.995,1.5,16C1.5,8.005,8.005,1.5,16,1.5S30.5,8.005,30.5,16C30.5,23.995,23.995,30.5,16,30.5z M16,3.5C9.107,3.5,3.5,9.107,3.5,16c0,6.893,5.607,12.5,12.5,12.5S28.5,22.893,28.5,16C28.5,9.107,22.893,3.5,16,3.5z M14.089,20.821L14.089,20.821c-0.265,0-0.52-0.105-0.707-0.293l-3.82-3.821c-0.391-0.391-0.391-1.024,0-1.414 c0.391-0.391,1.023-0.391,1.414,0l3.113,3.114l6.934-6.934c0.391-0.391,1.023-0.391,1.414,0s0.391,1.023,0,1.414l-7.641,7.641 C14.609,20.715,14.354,20.821,14.089,20.821z\"><\/path><\/svg><\/div><\/div>\n<\/div>\n\n\n\n<div class=\"wp-block-column is-vertically-aligned-center is-layout-flow wp-block-column-is-layout-flow\" style=\"flex-basis:100%\">\n<p class=\"lemmony-animation lemmonyFadeInUp has-small-font-size lemmony-animation\" style=\"--lemmony-animation-name:lemmonyFadeInUp;animation-duration:var(--lemmony-speed-xfast);animation-delay:var(--lemmony-delay-xsmall)\">Ideal para creadores y negocios peque\u00f1os<\/p>\n<\/div>\n<\/div>\n<\/div>\n<\/div>\n<\/div>\n\n\n\n<div class=\"wp-block-column is-layout-flow wp-block-column-is-layout-flow\">\n<div class=\"wp-block-group has-global-padding is-layout-constrained wp-container-core-group-is-layout-dfd7bae1 wp-block-group-is-layout-constrained\" style=\"border-radius:24px;padding-top:var(--wp--preset--spacing--50);padding-right:var(--wp--preset--spacing--50);padding-bottom:var(--wp--preset--spacing--70);padding-left:var(--wp--preset--spacing--50)\">\n<div style=\"height:68px\" aria-hidden=\"true\" class=\"wp-block-spacer\"><\/div>\n\n\n\n<h2 class=\"wp-block-heading has-huge-font-size\" style=\"line-height:1\">$99<\/h2>\n\n\n\n<h5 class=\"wp-block-heading\">Gu\u00eda + Plantillas + Asesor\u00eda Personalizada<\/h5>\n\n\n\n<p>Te acompa\u00f1amos paso a paso para que tus campa\u00f1as en Meta Ads realmente funcionen.<\/p>\n\n\n\n<p>\ud83d\udc49\ud83c\udffb <strong>eBook pr\u00e1ctico<\/strong> para entender c\u00f3mo crear campa\u00f1as efectivas<br>\ud83d\udc49\ud83c\udffb <strong>Plantillas editables<\/strong> para estructurar, lanzar y medir sin complicarte<br>\ud83d\udc49\ud83c\udffb <strong>Asesor\u00eda 1:1 personalizada<\/strong> con BOLD, 2 horas donde revisamos tu caso, resolvemos dudas y afinamos tu estrategia juntos.<\/p>\n\n\n\n<div class=\"wp-block-buttons is-content-justification-center is-layout-flex wp-container-core-buttons-is-layout-bb659de6 wp-block-buttons-is-layout-flex\" style=\"margin-top:var(--wp--preset--spacing--50)\">\n<div class=\"wp-block-button has-custom-font-size is-style-outline lemmony-button-hover-opacity has-tiny-plus-font-size lemmony-animation is-style-outline--2\" style=\"font-style:normal;font-weight:700;--lemmony-animation-name:lemmonyFadeInUp\"><a class=\"wp-block-button__link wp-element-button\" href=\"https:\/\/calendly.com\/hello-boldagency\/uno-a-uno\">Comprar Ahora<\/a><\/div>\n<\/div>\n\n\n\n<div class=\"wp-block-group has-global-padding is-layout-constrained wp-container-core-group-is-layout-01422482 wp-block-group-is-layout-constrained\" style=\"margin-top:40px\">\n<div class=\"wp-block-columns are-vertically-aligned-center is-not-stacked-on-mobile is-layout-flex wp-container-core-columns-is-layout-28232c24 wp-block-columns-is-layout-flex\">\n<div class=\"wp-block-column is-vertically-aligned-center is-layout-flow wp-block-column-is-layout-flow\" style=\"flex-basis:40px\">\n<div class=\"wp-block-lemmony-companion-icon lemmony-animation lemmonyFadeInUp has-primary-color has-text-color has-small-plus-font-size lemmony-animation\" style=\"--lemmony-animation-name:lemmonyFadeInUp;animation-duration:var(--lemmony-speed-xfast)\"><div class=\"lemmony-icon-wrapper\"><svg xmlns=\"http:\/\/www.w3.org\/2000\/svg\" viewBox=\"0 0 32 32\" data-reactroot=\"\"><path d=\"M16,30.5C8.005,30.5,1.5,23.995,1.5,16C1.5,8.005,8.005,1.5,16,1.5S30.5,8.005,30.5,16C30.5,23.995,23.995,30.5,16,30.5z M16,3.5C9.107,3.5,3.5,9.107,3.5,16c0,6.893,5.607,12.5,12.5,12.5S28.5,22.893,28.5,16C28.5,9.107,22.893,3.5,16,3.5z M14.089,20.821L14.089,20.821c-0.265,0-0.52-0.105-0.707-0.293l-3.82-3.821c-0.391-0.391-0.391-1.024,0-1.414 c0.391-0.391,1.023-0.391,1.414,0l3.113,3.114l6.934-6.934c0.391-0.391,1.023-0.391,1.414,0s0.391,1.023,0,1.414l-7.641,7.641 C14.609,20.715,14.354,20.821,14.089,20.821z\"><\/path><\/svg><\/div><\/div>\n<\/div>\n\n\n\n<div class=\"wp-block-column is-vertically-aligned-center is-layout-flow wp-block-column-is-layout-flow\" style=\"flex-basis:100%\">\n<p class=\"lemmony-animation lemmonyFadeInUp has-small-font-size lemmony-animation\" style=\"--lemmony-animation-name:lemmonyFadeInUp;animation-duration:var(--lemmony-speed-xfast)\">Ideal si quieres <strong>resultados reales<\/strong> y acompa\u00f1amiento <strong>personalizado<\/strong>.<\/p>\n<\/div>\n<\/div>\n<\/div>\n<\/div>\n<\/div>\n<\/div>\n","protected":false},"excerpt":{"rendered":"<p>Transforma tu marca y tus procesos con herramientas pr\u00e1cticas, listas para usar. Precio en USD $1.99 eBook: Gu\u00eda pr\u00e1ctica para crear campa\u00f1as en Meta Ads \u00bfLista para dejar de impulsar publicaciones y empezar a vender en serio?Esta gu\u00eda te lleva paso a paso para crear campa\u00f1as estrat\u00e9gicas en Facebook e Instagram, incluso si no eres [&hellip;]<\/p>\n","protected":false},"author":1,"featured_media":0,"parent":0,"menu_order":0,"comment_status":"closed","ping_status":"closed","template":"","meta":{"footnotes":""},"class_list":["post-90","page","type-page","status-publish","hentry"],"yoast_head":"<!-- This site is optimized with the Yoast SEO plugin v25.3 - https:\/\/yoast.com\/wordpress\/plugins\/seo\/ -->\n<title>BOLD Shopping | Bold Agency<\/title>\n<meta name=\"description\" content=\"Adquiere productos digitales o sesi\u00f3n 1:1 para llevar tu negocio a un nuevo nivel en el mundo digital. Agencia de Marketing en Aguascalientes.\" \/>\n<meta name=\"robots\" content=\"index, follow, max-snippet:-1, max-image-preview:large, max-video-preview:-1\" \/>\n<link rel=\"canonical\" href=\"https:\/\/boldagency.site\/index.php\/shopping\/\" \/>\n<meta property=\"og:locale\" content=\"es_MX\" \/>\n<meta property=\"og:type\" content=\"article\" \/>\n<meta property=\"og:title\" content=\"BOLD Shopping | Bold Agency\" \/>\n<meta property=\"og:description\" content=\"Adquiere productos digitales o sesi\u00f3n 1:1 para llevar tu negocio a un nuevo nivel en el mundo digital. Agencia de Marketing en Aguascalientes.\" \/>\n<meta property=\"og:url\" content=\"https:\/\/boldagency.site\/index.php\/shopping\/\" \/>\n<meta property=\"og:site_name\" content=\"Bold Agency\" \/>\n<meta property=\"article:publisher\" content=\"https:\/\/www.facebook.com\/boldagency.mx\" \/>\n<meta property=\"article:modified_time\" content=\"2025-04-07T18:52:41+00:00\" \/>\n<meta property=\"og:image\" content=\"https:\/\/boldagency.site\/wp-content\/uploads\/2023\/12\/ISO-02-1.png\" \/>\n\t<meta property=\"og:image:width\" content=\"4500\" \/>\n\t<meta property=\"og:image:height\" content=\"4500\" \/>\n\t<meta property=\"og:image:type\" content=\"image\/png\" \/>\n<meta name=\"twitter:card\" content=\"summary_large_image\" \/>\n<meta name=\"twitter:label1\" content=\"Tiempo de lectura\" \/>\n\t<meta name=\"twitter:data1\" content=\"2 minutos\" \/>\n<script type=\"application\/ld+json\" class=\"yoast-schema-graph\">{\"@context\":\"https:\/\/schema.org\",\"@graph\":[{\"@type\":\"WebPage\",\"@id\":\"https:\/\/boldagency.site\/index.php\/shopping\/\",\"url\":\"https:\/\/boldagency.site\/index.php\/shopping\/\",\"name\":\"BOLD Shopping | Bold Agency\",\"isPartOf\":{\"@id\":\"https:\/\/boldagency.site\/#website\"},\"datePublished\":\"2025-04-07T18:04:57+00:00\",\"dateModified\":\"2025-04-07T18:52:41+00:00\",\"description\":\"Adquiere productos digitales o sesi\u00f3n 1:1 para llevar tu negocio a un nuevo nivel en el mundo digital. Agencia de Marketing en Aguascalientes.\",\"breadcrumb\":{\"@id\":\"https:\/\/boldagency.site\/index.php\/shopping\/#breadcrumb\"},\"inLanguage\":\"es\",\"potentialAction\":[{\"@type\":\"ReadAction\",\"target\":[\"https:\/\/boldagency.site\/index.php\/shopping\/\"]}]},{\"@type\":\"BreadcrumbList\",\"@id\":\"https:\/\/boldagency.site\/index.php\/shopping\/#breadcrumb\",\"itemListElement\":[{\"@type\":\"ListItem\",\"position\":1,\"name\":\"Inicio\",\"item\":\"https:\/\/boldagency.site\/\"},{\"@type\":\"ListItem\",\"position\":2,\"name\":\"BOLD Shopping\"}]},{\"@type\":\"WebSite\",\"@id\":\"https:\/\/boldagency.site\/#website\",\"url\":\"https:\/\/boldagency.site\/\",\"name\":\"Bold Agency\",\"description\":\"En BOLD ayudamos a marcas a convertirse en lo que merecen ser: visibles, relevantes y de impacto. Estrategia, contenido, dise\u00f1o y publicidad con prop\u00f3sito. \",\"publisher\":{\"@id\":\"https:\/\/boldagency.site\/#organization\"},\"alternateName\":\"Bold Agency\",\"potentialAction\":[{\"@type\":\"SearchAction\",\"target\":{\"@type\":\"EntryPoint\",\"urlTemplate\":\"https:\/\/boldagency.site\/?s={search_term_string}\"},\"query-input\":{\"@type\":\"PropertyValueSpecification\",\"valueRequired\":true,\"valueName\":\"search_term_string\"}}],\"inLanguage\":\"es\"},{\"@type\":\"Organization\",\"@id\":\"https:\/\/boldagency.site\/#organization\",\"name\":\"Bold Agency\",\"url\":\"https:\/\/boldagency.site\/\",\"logo\":{\"@type\":\"ImageObject\",\"inLanguage\":\"es\",\"@id\":\"https:\/\/boldagency.site\/#\/schema\/logo\/image\/\",\"url\":\"https:\/\/boldagency.site\/wp-content\/uploads\/2023\/12\/ISO-02-1.png\",\"contentUrl\":\"https:\/\/boldagency.site\/wp-content\/uploads\/2023\/12\/ISO-02-1.png\",\"width\":4500,\"height\":4500,\"caption\":\"Bold Agency\"},\"image\":{\"@id\":\"https:\/\/boldagency.site\/#\/schema\/logo\/image\/\"},\"sameAs\":[\"https:\/\/www.facebook.com\/boldagency.mx\",\"https:\/\/www.instagram.com\/boldagency_mx\/\"]}]}<\/script>\n<!-- \/ Yoast SEO plugin. -->","yoast_head_json":{"title":"BOLD Shopping | Bold Agency","description":"Adquiere productos digitales o sesi\u00f3n 1:1 para llevar tu negocio a un nuevo nivel en el mundo digital. Agencia de Marketing en Aguascalientes.","robots":{"index":"index","follow":"follow","max-snippet":"max-snippet:-1","max-image-preview":"max-image-preview:large","max-video-preview":"max-video-preview:-1"},"canonical":"https:\/\/boldagency.site\/index.php\/shopping\/","og_locale":"es_MX","og_type":"article","og_title":"BOLD Shopping | Bold Agency","og_description":"Adquiere productos digitales o sesi\u00f3n 1:1 para llevar tu negocio a un nuevo nivel en el mundo digital. Agencia de Marketing en Aguascalientes.","og_url":"https:\/\/boldagency.site\/index.php\/shopping\/","og_site_name":"Bold Agency","article_publisher":"https:\/\/www.facebook.com\/boldagency.mx","article_modified_time":"2025-04-07T18:52:41+00:00","og_image":[{"width":4500,"height":4500,"url":"https:\/\/boldagency.site\/wp-content\/uploads\/2023\/12\/ISO-02-1.png","type":"image\/png"}],"twitter_card":"summary_large_image","twitter_misc":{"Tiempo de lectura":"2 minutos"},"schema":{"@context":"https:\/\/schema.org","@graph":[{"@type":"WebPage","@id":"https:\/\/boldagency.site\/index.php\/shopping\/","url":"https:\/\/boldagency.site\/index.php\/shopping\/","name":"BOLD Shopping | Bold Agency","isPartOf":{"@id":"https:\/\/boldagency.site\/#website"},"datePublished":"2025-04-07T18:04:57+00:00","dateModified":"2025-04-07T18:52:41+00:00","description":"Adquiere productos digitales o sesi\u00f3n 1:1 para llevar tu negocio a un nuevo nivel en el mundo digital. Agencia de Marketing en Aguascalientes.","breadcrumb":{"@id":"https:\/\/boldagency.site\/index.php\/shopping\/#breadcrumb"},"inLanguage":"es","potentialAction":[{"@type":"ReadAction","target":["https:\/\/boldagency.site\/index.php\/shopping\/"]}]},{"@type":"BreadcrumbList","@id":"https:\/\/boldagency.site\/index.php\/shopping\/#breadcrumb","itemListElement":[{"@type":"ListItem","position":1,"name":"Inicio","item":"https:\/\/boldagency.site\/"},{"@type":"ListItem","position":2,"name":"BOLD Shopping"}]},{"@type":"WebSite","@id":"https:\/\/boldagency.site\/#website","url":"https:\/\/boldagency.site\/","name":"Bold Agency","description":"En BOLD ayudamos a marcas a convertirse en lo que merecen ser: visibles, relevantes y de impacto. Estrategia, contenido, dise\u00f1o y publicidad con prop\u00f3sito. ","publisher":{"@id":"https:\/\/boldagency.site\/#organization"},"alternateName":"Bold Agency","potentialAction":[{"@type":"SearchAction","target":{"@type":"EntryPoint","urlTemplate":"https:\/\/boldagency.site\/?s={search_term_string}"},"query-input":{"@type":"PropertyValueSpecification","valueRequired":true,"valueName":"search_term_string"}}],"inLanguage":"es"},{"@type":"Organization","@id":"https:\/\/boldagency.site\/#organization","name":"Bold Agency","url":"https:\/\/boldagency.site\/","logo":{"@type":"ImageObject","inLanguage":"es","@id":"https:\/\/boldagency.site\/#\/schema\/logo\/image\/","url":"https:\/\/boldagency.site\/wp-content\/uploads\/2023\/12\/ISO-02-1.png","contentUrl":"https:\/\/boldagency.site\/wp-content\/uploads\/2023\/12\/ISO-02-1.png","width":4500,"height":4500,"caption":"Bold Agency"},"image":{"@id":"https:\/\/boldagency.site\/#\/schema\/logo\/image\/"},"sameAs":["https:\/\/www.facebook.com\/boldagency.mx","https:\/\/www.instagram.com\/boldagency_mx\/"]}]}},"_links":{"self":[{"href":"https:\/\/boldagency.site\/index.php\/wp-json\/wp\/v2\/pages\/90","targetHints":{"allow":["GET"]}}],"collection":[{"href":"https:\/\/boldagency.site\/index.php\/wp-json\/wp\/v2\/pages"}],"about":[{"href":"https:\/\/boldagency.site\/index.php\/wp-json\/wp\/v2\/types\/page"}],"author":[{"embeddable":true,"href":"https:\/\/boldagency.site\/index.php\/wp-json\/wp\/v2\/users\/1"}],"replies":[{"embeddable":true,"href":"https:\/\/boldagency.site\/index.php\/wp-json\/wp\/v2\/comments?post=90"}],"version-history":[{"count":4,"href":"https:\/\/boldagency.site\/index.php\/wp-json\/wp\/v2\/pages\/90\/revisions"}],"predecessor-version":[{"id":97,"href":"https:\/\/boldagency.site\/index.php\/wp-json\/wp\/v2\/pages\/90\/revisions\/97"}],"wp:attachment":[{"href":"https:\/\/boldagency.site\/index.php\/wp-json\/wp\/v2\/media?parent=90"}],"curies":[{"name":"wp","href":"https:\/\/api.w.org\/{rel}","templated":true}]}}